{"id":143,"date":"2020-12-14T00:10:40","date_gmt":"2020-12-13T21:10:40","guid":{"rendered":"https:\/\/www.teol.com.tr\/onlineegitim\/?post_type=product&#038;p=143"},"modified":"2026-05-02T23:53:06","modified_gmt":"2026-05-02T20:53:06","slug":"3-seviye-9-ay-online-ingilizce-egitimi","status":"publish","type":"product","link":"https:\/\/www.teol.com.tr\/onlineegitim\/magaza\/genel-ingilizce\/3-seviye-9-ay-online-ingilizce-egitimi\/","title":{"rendered":"3 Seviye 9 Ay Online \u0130ngilizce E\u011fitimi"},"content":{"rendered":"\t\t<div data-elementor-type=\"product-post\" data-elementor-id=\"143\" class=\"elementor elementor-143\" data-elementor-post-type=\"product\">\n\t\t\t\t\t\t<section class=\"elementor-section elementor-top-section elementor-element elementor-element-5d059590 elementor-section-boxed elementor-section-height-default elementor-section-height-default\" data-id=\"5d059590\" data-element_type=\"section\" data-e-type=\"section\">\n\t\t\t\t\t\t<div class=\"elementor-container elementor-column-gap-default\">\n\t\t\t\t\t<div class=\"elementor-column elementor-col-100 elementor-top-column elementor-element elementor-element-238587d\" data-id=\"238587d\" data-element_type=\"column\" data-e-type=\"column\">\n\t\t\t<div class=\"elementor-widget-wrap elementor-element-populated\">\n\t\t\t\t\t\t<div class=\"elementor-element elementor-element-5af2a78 elementor-widget elementor-widget-woocommerce-product-title elementor-page-title elementor-widget-heading\" data-id=\"5af2a78\" data-element_type=\"widget\" data-e-type=\"widget\" data-widget_type=\"woocommerce-product-title.default\">\n\t\t\t\t<div class=\"elementor-widget-container\">\n\t\t\t\t\t<h1 class=\"product_title entry-title elementor-heading-title elementor-size-default\">3 Seviye 9 Ay Online \u0130ngilizce E\u011fitimi<\/h1>\t\t\t\t<\/div>\n\t\t\t\t<\/div>\n\t\t\t\t\t<\/div>\n\t\t<\/div>\n\t\t\t\t\t<\/div>\n\t\t<\/section>\n\t\t\t\t<section class=\"elementor-section elementor-top-section elementor-element elementor-element-5ab7b589 elementor-section-boxed elementor-section-height-default elementor-section-height-default\" data-id=\"5ab7b589\" data-element_type=\"section\" data-e-type=\"section\">\n\t\t\t\t\t\t<div class=\"elementor-container elementor-column-gap-default\">\n\t\t\t\t\t<div class=\"elementor-column elementor-col-100 elementor-top-column elementor-element elementor-element-1cd22f84\" data-id=\"1cd22f84\" data-element_type=\"column\" data-e-type=\"column\">\n\t\t\t<div class=\"elementor-widget-wrap\">\n\t\t\t\t\t\t\t<\/div>\n\t\t<\/div>\n\t\t\t\t\t<\/div>\n\t\t<\/section>\n\t\t\t\t<section class=\"elementor-section elementor-top-section elementor-element elementor-element-726c525e elementor-section-boxed elementor-section-height-default elementor-section-height-default\" data-id=\"726c525e\" data-element_type=\"section\" data-e-type=\"section\">\n\t\t\t\t\t\t<div class=\"elementor-container elementor-column-gap-default\">\n\t\t\t\t\t<div class=\"elementor-column elementor-col-50 elementor-top-column elementor-element elementor-element-5d90bb37\" data-id=\"5d90bb37\" data-element_type=\"column\" data-e-type=\"column\">\n\t\t\t<div class=\"elementor-widget-wrap elementor-element-populated\">\n\t\t\t\t\t\t<div class=\"elementor-element elementor-element-2b566d91 elementor-list-item-link-full_width elementor-widget elementor-widget-icon-list\" data-id=\"2b566d91\" data-element_type=\"widget\" data-e-type=\"widget\" data-widget_type=\"icon-list.default\">\n\t\t\t\t<div class=\"elementor-widget-container\">\n\t\t\t\t\t\t\t<ul class=\"elementor-icon-list-items\">\n\t\t\t\t\t\t\t<li class=\"elementor-icon-list-item\">\n\t\t\t\t\t\t\t\t\t\t\t<span class=\"elementor-icon-list-icon\">\n\t\t\t\t\t\t\t<i aria-hidden=\"true\" class=\"far fa-object-group\"><\/i>\t\t\t\t\t\t<\/span>\n\t\t\t\t\t\t\t\t\t\t<span class=\"elementor-icon-list-text\">32 Ders Canl\u0131 \/ Online S\u0131n\u0131f E\u011fitimi<\/span>\n\t\t\t\t\t\t\t\t\t<\/li>\n\t\t\t\t\t\t\t\t<li class=\"elementor-icon-list-item\">\n\t\t\t\t\t\t\t\t\t\t\t<span class=\"elementor-icon-list-icon\">\n\t\t\t\t\t\t\t<i aria-hidden=\"true\" class=\"far fa-comments\"><\/i>\t\t\t\t\t\t<\/span>\n\t\t\t\t\t\t\t\t\t\t<span class=\"elementor-icon-list-text\">16 Ders Canl\u0131 \/ Online Yetenek  Dersleri<\/span>\n\t\t\t\t\t\t\t\t\t<\/li>\n\t\t\t\t\t\t\t\t<li class=\"elementor-icon-list-item\">\n\t\t\t\t\t\t\t\t\t\t\t<span class=\"elementor-icon-list-icon\">\n\t\t\t\t\t\t\t<i aria-hidden=\"true\" class=\"fas fa-chalkboard-teacher\"><\/i>\t\t\t\t\t\t<\/span>\n\t\t\t\t\t\t\t\t\t\t<span class=\"elementor-icon-list-text\">4 Ders Canl\u0131 \/ Online Geli\u015fim ve Ko\u00e7luk<\/span>\n\t\t\t\t\t\t\t\t\t<\/li>\n\t\t\t\t\t\t\t\t<li class=\"elementor-icon-list-item\">\n\t\t\t\t\t\t\t\t\t\t\t<span class=\"elementor-icon-list-icon\">\n\t\t\t\t\t\t\t<i aria-hidden=\"true\" class=\"far fa-clock\"><\/i>\t\t\t\t\t\t<\/span>\n\t\t\t\t\t\t\t\t\t\t<span class=\"elementor-icon-list-text\">Ayda Toplam 52 Ders Canl\u0131 \/ Online E\u011fitim <\/span>\n\t\t\t\t\t\t\t\t\t<\/li>\n\t\t\t\t\t\t\t\t<li class=\"elementor-icon-list-item\">\n\t\t\t\t\t\t\t\t\t\t\t<span class=\"elementor-icon-list-icon\">\n\t\t\t\t\t\t\t<i aria-hidden=\"true\" class=\"fab fa-connectdevelop\"><\/i>\t\t\t\t\t\t<\/span>\n\t\t\t\t\t\t\t\t\t\t<span class=\"elementor-icon-list-text\">Ders Videolar\u0131, Ders Kitaplar\u0131, Selfstudy Multimedya Sistemi, LMS Sistemi \u00d6dev Kontrol\u00fc Ve Takibi<\/span>\n\t\t\t\t\t\t\t\t\t<\/li>\n\t\t\t\t\t\t<\/ul>\n\t\t\t\t\t\t<\/div>\n\t\t\t\t<\/div>\n\t\t\t\t\t<\/div>\n\t\t<\/div>\n\t\t\t\t<div class=\"elementor-column elementor-col-50 elementor-top-column elementor-element elementor-element-1beef772\" data-id=\"1beef772\" data-element_type=\"column\" data-e-type=\"column\">\n\t\t\t<div class=\"elementor-widget-wrap elementor-element-populated\">\n\t\t\t\t\t\t<div class=\"elementor-element elementor-element-160f4381 elementor-widget elementor-widget-woocommerce-product-price\" data-id=\"160f4381\" data-element_type=\"widget\" data-e-type=\"widget\" data-widget_type=\"woocommerce-product-price.default\">\n\t\t\t\t<div class=\"elementor-widget-container\">\n\t\t\t\t\t<p class=\"price\"><span class=\"woocommerce-Price-amount amount\"><bdi>81,250.00&nbsp;<span class=\"woocommerce-Price-currencySymbol\">&#8378;<\/span><\/bdi><\/span><\/p>\n\t\t\t\t<\/div>\n\t\t\t\t<\/div>\n\t\t\t\t<div class=\"elementor-element elementor-element-72eeb1ad e-add-to-cart--show-quantity-yes elementor-widget elementor-widget-woocommerce-product-add-to-cart\" data-id=\"72eeb1ad\" data-element_type=\"widget\" data-e-type=\"widget\" data-widget_type=\"woocommerce-product-add-to-cart.default\">\n\t\t\t\t<div class=\"elementor-widget-container\">\n\t\t\t\t\t\n\t\t<div class=\"elementor-add-to-cart elementor-product-simple\">\n\t\t\t\n\t\n\t<form class=\"cart\" action=\"https:\/\/www.teol.com.tr\/onlineegitim\/magaza\/genel-ingilizce\/3-seviye-9-ay-online-ingilizce-egitimi\/\" method=\"post\" enctype='multipart\/form-data'>\n\t\t\n\t\t<div class=\"quantity\">\n\t\t<label class=\"screen-reader-text\" for=\"quantity_6a005615594fc\">3 Seviye 9 Ay Online \u0130ngilizce E\u011fitimi adet<\/label>\n\t<input\n\t\ttype=\"number\"\n\t\t\t\tid=\"quantity_6a005615594fc\"\n\t\tclass=\"input-text qty text\"\n\t\tname=\"quantity\"\n\t\tvalue=\"1\"\n\t\taria-label=\"\u00dcr\u00fcn miktar\u0131\"\n\t\t\t\tmin=\"1\"\n\t\t\t\t\t\t\tstep=\"1\"\n\t\t\tplaceholder=\"\"\n\t\t\tinputmode=\"numeric\"\n\t\t\tautocomplete=\"off\"\n\t\t\t\/>\n\t<\/div>\n\n\t\t<button type=\"submit\" name=\"add-to-cart\" value=\"143\" class=\"single_add_to_cart_button button alt\">Sepete Ekle<\/button>\n\n\t\t\t<\/form>\n\n\t<div id=\"iyzico-bpo2\" style=\"margin-top: 10px;\" data-widget data-type=\"product-detail\"><\/div>\n\t\t<\/div>\n\n\t\t\t\t\t\t<\/div>\n\t\t\t\t<\/div>\n\t\t\t\t\t<\/div>\n\t\t<\/div>\n\t\t\t\t\t<\/div>\n\t\t<\/section>\n\t\t\t\t<section class=\"elementor-section elementor-top-section elementor-element elementor-element-3300aaf elementor-section-boxed elementor-section-height-default elementor-section-height-default\" data-id=\"3300aaf\" data-element_type=\"section\" data-e-type=\"section\">\n\t\t\t\t\t\t<div class=\"elementor-container elementor-column-gap-default\">\n\t\t\t\t\t<div class=\"elementor-column elementor-col-100 elementor-top-column elementor-element elementor-element-3c7837a2\" data-id=\"3c7837a2\" data-element_type=\"column\" data-e-type=\"column\">\n\t\t\t<div class=\"elementor-widget-wrap elementor-element-populated\">\n\t\t\t\t\t\t<div class=\"elementor-element elementor-element-386c072a elementor-widget elementor-widget-text-editor\" data-id=\"386c072a\" data-element_type=\"widget\" data-e-type=\"widget\" data-widget_type=\"text-editor.default\">\n\t\t\t\t<div class=\"elementor-widget-container\">\n\t\t\t\t\t\t\t\t\t<p>Bu e\u011fitimi kredi kart\u0131n\u0131z ile taksitli \u00f6deme yaparak sat\u0131n alabilirsiniz.<br \/><strong>Not:<\/strong> Kitaplar\u0131n\u0131z ve di\u011fer meteryalleriniz kargo ile size g\u00f6nderilecektir.\u00a0<\/p>\t\t\t\t\t\t\t\t<\/div>\n\t\t\t\t<\/div>\n\t\t\t\t<div class=\"elementor-element elementor-element-342014aa elementor-widget elementor-widget-image\" data-id=\"342014aa\" data-element_type=\"widget\" data-e-type=\"widget\" data-widget_type=\"image.default\">\n\t\t\t\t<div class=\"elementor-widget-container\">\n\t\t\t\t\t\t\t\t\t\t\t\t\t\t\t<img decoding=\"async\" width=\"498\" height=\"35\" src=\"https:\/\/www.teol.com.tr\/onlineegitim\/wp-content\/uploads\/2020\/12\/cards-1.png\" class=\"attachment-large size-large wp-image-103\" alt=\"\" srcset=\"https:\/\/www.teol.com.tr\/onlineegitim\/wp-content\/uploads\/2020\/12\/cards-1.png 498w, https:\/\/www.teol.com.tr\/onlineegitim\/wp-content\/uploads\/2020\/12\/cards-1-300x21.png 300w, https:\/\/www.teol.com.tr\/onlineegitim\/wp-content\/uploads\/2020\/12\/cards-1-450x32.png 450w\" sizes=\"(max-width: 498px) 100vw, 498px\" \/>\t\t\t\t\t\t\t\t\t\t\t\t\t\t\t<\/div>\n\t\t\t\t<\/div>\n\t\t\t\t\t<\/div>\n\t\t<\/div>\n\t\t\t\t\t<\/div>\n\t\t<\/section>\n\t\t\t\t<\/div>\n\t\t","protected":false},"excerpt":{"rendered":"<p>32 Ders Canl\u0131 \/ Online S\u0131n\u0131f E\u011fitimi 16 Ders Canl\u0131 \/ Online Yetenek Dersleri 4 Ders Canl\u0131 \/ Online Geli\u015fim ve Ko\u00e7luk Ayda Toplam 52 Ders Canl\u0131 \/ Online E\u011fitim Ders Videolar\u0131, Ders Kitaplar\u0131, Selfstudy Multimedya Sistemi, LMS Sistemi \u00d6dev Kontrol\u00fc Ve Takibi Bu e\u011fitimi kredi kart\u0131n\u0131z ile taksitli \u00f6deme yaparak sat\u0131n alabilirsiniz. Not: Kitaplar\u0131n\u0131z &hellip; <\/p>\n<p class=\"link-more\"><a href=\"https:\/\/www.teol.com.tr\/onlineegitim\/magaza\/genel-ingilizce\/3-seviye-9-ay-online-ingilizce-egitimi\/\" class=\"more-link\">Okumaya devam et<span class=\"screen-reader-text\"> &#8220;3 Seviye 9 Ay Online \u0130ngilizce E\u011fitimi&#8221;<\/span><\/a><\/p>\n","protected":false},"featured_media":0,"comment_status":"open","ping_status":"closed","template":"elementor_header_footer","meta":[],"product_brand":[],"product_cat":[18],"product_tag":[],"class_list":{"0":"post-143","1":"product","2":"type-product","3":"status-publish","5":"product_cat-genel-ingilizce","6":"entry","8":"first","9":"instock","10":"taxable","11":"shipping-taxable","12":"purchasable","13":"product-type-simple"},"_links":{"self":[{"href":"https:\/\/www.teol.com.tr\/onlineegitim\/wp-json\/wp\/v2\/product\/143","targetHints":{"allow":["GET"]}}],"collection":[{"href":"https:\/\/www.teol.com.tr\/onlineegitim\/wp-json\/wp\/v2\/product"}],"about":[{"href":"https:\/\/www.teol.com.tr\/onlineegitim\/wp-json\/wp\/v2\/types\/product"}],"replies":[{"embeddable":true,"href":"https:\/\/www.teol.com.tr\/onlineegitim\/wp-json\/wp\/v2\/comments?post=143"}],"version-history":[{"count":9,"href":"https:\/\/www.teol.com.tr\/onlineegitim\/wp-json\/wp\/v2\/product\/143\/revisions"}],"predecessor-version":[{"id":1476,"href":"https:\/\/www.teol.com.tr\/onlineegitim\/wp-json\/wp\/v2\/product\/143\/revisions\/1476"}],"wp:attachment":[{"href":"https:\/\/www.teol.com.tr\/onlineegitim\/wp-json\/wp\/v2\/media?parent=143"}],"wp:term":[{"taxonomy":"product_brand","embeddable":true,"href":"https:\/\/www.teol.com.tr\/onlineegitim\/wp-json\/wp\/v2\/product_brand?post=143"},{"taxonomy":"product_cat","embeddable":true,"href":"https:\/\/www.teol.com.tr\/onlineegitim\/wp-json\/wp\/v2\/product_cat?post=143"},{"taxonomy":"product_tag","embeddable":true,"href":"https:\/\/www.teol.com.tr\/onlineegitim\/wp-json\/wp\/v2\/product_tag?post=143"}],"curies":[{"name":"wp","href":"https:\/\/api.w.org\/{rel}","templated":true}]}}